{"id":171,"date":"2025-02-11T15:48:42","date_gmt":"2025-02-11T15:48:42","guid":{"rendered":"https:\/\/apexpower.ma\/?post_type=product&#038;p=171"},"modified":"2025-04-16T21:36:38","modified_gmt":"2025-04-16T21:36:38","slug":"fg-wilson-p22-1-22-kva","status":"publish","type":"product","link":"https:\/\/apexpower.ma\/en\/product\/fg-wilson-p22-1-22-kva\/","title":{"rendered":"FG Wilson P22-1 (22 KVA)"},"content":{"rendered":"","protected":false},"excerpt":{"rendered":"","protected":false},"featured_media":172,"template":"","meta":{"_acf_changed":false},"product_brand":[],"product_cat":[19],"product_tag":[],"class_list":{"0":"post-171","1":"product","2":"type-product","3":"status-publish","4":"has-post-thumbnail","6":"product_cat-fg-wilson","8":"first","9":"instock","10":"shipping-taxable","11":"product-type-simple"},"acf":[],"yoast_head":"<!-- This site is optimized with the Yoast SEO plugin v27.3 - https:\/\/yoast.com\/product\/yoast-seo-wordpress\/ -->\n<title>FG Wilson P22-1 (22 KVA) - Apex Power<\/title>\n<meta name=\"robots\" content=\"index, follow, max-snippet:-1, max-image-preview:large, max-video-preview:-1\" \/>\n<link rel=\"canonical\" href=\"https:\/\/apexpower.ma\/en\/product\/fg-wilson-p22-1-22-kva\/\" \/>\n<meta property=\"og:locale\" content=\"en_GB\" \/>\n<meta property=\"og:type\" content=\"article\" \/>\n<meta property=\"og:title\" content=\"FG Wilson P22-1 (22 KVA) - Apex Power\" \/>\n<meta property=\"og:url\" content=\"https:\/\/apexpower.ma\/en\/product\/fg-wilson-p22-1-22-kva\/\" \/>\n<meta property=\"og:site_name\" content=\"Apex Power\" \/>\n<meta property=\"article:modified_time\" content=\"2025-04-16T21:36:38+00:00\" \/>\n<meta property=\"og:image\" content=\"https:\/\/apexpower.ma\/wp-content\/uploads\/2025\/02\/5c092575-31a9-4e96-8b74-736a8f66d20a.jpg\" \/>\n\t<meta property=\"og:image:width\" content=\"2048\" \/>\n\t<meta property=\"og:image:height\" content=\"1536\" \/>\n\t<meta property=\"og:image:type\" content=\"image\/jpeg\" \/>\n<meta name=\"twitter:card\" content=\"summary_large_image\" \/>\n<meta name=\"twitter:label1\" content=\"Estimated reading time\" \/>\n\t<meta name=\"twitter:data1\" content=\"1 minute\" \/>\n<script type=\"application\/ld+json\" class=\"yoast-schema-graph\">{\"@context\":\"https:\\\/\\\/schema.org\",\"@graph\":[{\"@type\":\"WebPage\",\"@id\":\"https:\\\/\\\/apexpower.ma\\\/product\\\/fg-wilson-p22-1-22-kva\\\/\",\"url\":\"https:\\\/\\\/apexpower.ma\\\/product\\\/fg-wilson-p22-1-22-kva\\\/\",\"name\":\"FG Wilson P22-1 (22 KVA) - Apex Power\",\"isPartOf\":{\"@id\":\"https:\\\/\\\/apexpower.ma\\\/#website\"},\"primaryImageOfPage\":{\"@id\":\"https:\\\/\\\/apexpower.ma\\\/product\\\/fg-wilson-p22-1-22-kva\\\/#primaryimage\"},\"image\":{\"@id\":\"https:\\\/\\\/apexpower.ma\\\/product\\\/fg-wilson-p22-1-22-kva\\\/#primaryimage\"},\"thumbnailUrl\":\"https:\\\/\\\/apexpower.ma\\\/wp-content\\\/uploads\\\/2025\\\/02\\\/5c092575-31a9-4e96-8b74-736a8f66d20a.jpg\",\"datePublished\":\"2025-02-11T15:48:42+00:00\",\"dateModified\":\"2025-04-16T21:36:38+00:00\",\"breadcrumb\":{\"@id\":\"https:\\\/\\\/apexpower.ma\\\/product\\\/fg-wilson-p22-1-22-kva\\\/#breadcrumb\"},\"inLanguage\":\"en-GB\",\"potentialAction\":[{\"@type\":\"ReadAction\",\"target\":[\"https:\\\/\\\/apexpower.ma\\\/product\\\/fg-wilson-p22-1-22-kva\\\/\"]}]},{\"@type\":\"ImageObject\",\"inLanguage\":\"en-GB\",\"@id\":\"https:\\\/\\\/apexpower.ma\\\/product\\\/fg-wilson-p22-1-22-kva\\\/#primaryimage\",\"url\":\"https:\\\/\\\/apexpower.ma\\\/wp-content\\\/uploads\\\/2025\\\/02\\\/5c092575-31a9-4e96-8b74-736a8f66d20a.jpg\",\"contentUrl\":\"https:\\\/\\\/apexpower.ma\\\/wp-content\\\/uploads\\\/2025\\\/02\\\/5c092575-31a9-4e96-8b74-736a8f66d20a.jpg\",\"width\":2048,\"height\":1536},{\"@type\":\"BreadcrumbList\",\"@id\":\"https:\\\/\\\/apexpower.ma\\\/product\\\/fg-wilson-p22-1-22-kva\\\/#breadcrumb\",\"itemListElement\":[{\"@type\":\"ListItem\",\"position\":1,\"name\":\"Home\",\"item\":\"https:\\\/\\\/apexpower.ma\\\/\"},{\"@type\":\"ListItem\",\"position\":2,\"name\":\"BOUTIQUE\",\"item\":\"https:\\\/\\\/apexpower.ma\\\/boutique\\\/\"},{\"@type\":\"ListItem\",\"position\":3,\"name\":\"FG Wilson P22-1 (22 KVA)\"}]},{\"@type\":\"WebSite\",\"@id\":\"https:\\\/\\\/apexpower.ma\\\/#website\",\"url\":\"https:\\\/\\\/apexpower.ma\\\/\",\"name\":\"Apex Power\",\"description\":\"G\u00e9n\u00e9rateurs industriels pour une alimentation \u00e9lectrique fiable\",\"publisher\":{\"@id\":\"https:\\\/\\\/apexpower.ma\\\/#organization\"},\"potentialAction\":[{\"@type\":\"SearchAction\",\"target\":{\"@type\":\"EntryPoint\",\"urlTemplate\":\"https:\\\/\\\/apexpower.ma\\\/?s={search_term_string}\"},\"query-input\":{\"@type\":\"PropertyValueSpecification\",\"valueRequired\":true,\"valueName\":\"search_term_string\"}}],\"inLanguage\":\"en-GB\"},{\"@type\":\"Organization\",\"@id\":\"https:\\\/\\\/apexpower.ma\\\/#organization\",\"name\":\"Apex Power\",\"url\":\"https:\\\/\\\/apexpower.ma\\\/\",\"logo\":{\"@type\":\"ImageObject\",\"inLanguage\":\"en-GB\",\"@id\":\"https:\\\/\\\/apexpower.ma\\\/#\\\/schema\\\/logo\\\/image\\\/\",\"url\":\"https:\\\/\\\/apexpower.ma\\\/wp-content\\\/uploads\\\/2025\\\/03\\\/IMG_5273.png\",\"contentUrl\":\"https:\\\/\\\/apexpower.ma\\\/wp-content\\\/uploads\\\/2025\\\/03\\\/IMG_5273.png\",\"width\":1308,\"height\":447,\"caption\":\"Apex Power\"},\"image\":{\"@id\":\"https:\\\/\\\/apexpower.ma\\\/#\\\/schema\\\/logo\\\/image\\\/\"}}]}<\/script>\n<!-- \/ Yoast SEO plugin. -->","yoast_head_json":{"title":"FG Wilson P22-1 (22 KVA) - Apex Power","robots":{"index":"index","follow":"follow","max-snippet":"max-snippet:-1","max-image-preview":"max-image-preview:large","max-video-preview":"max-video-preview:-1"},"canonical":"https:\/\/apexpower.ma\/en\/product\/fg-wilson-p22-1-22-kva\/","og_locale":"en_GB","og_type":"article","og_title":"FG Wilson P22-1 (22 KVA) - Apex Power","og_url":"https:\/\/apexpower.ma\/en\/product\/fg-wilson-p22-1-22-kva\/","og_site_name":"Apex Power","article_modified_time":"2025-04-16T21:36:38+00:00","og_image":[{"width":2048,"height":1536,"url":"https:\/\/apexpower.ma\/wp-content\/uploads\/2025\/02\/5c092575-31a9-4e96-8b74-736a8f66d20a.jpg","type":"image\/jpeg"}],"twitter_card":"summary_large_image","twitter_misc":{"Estimated reading time":"1 minute"},"schema":{"@context":"https:\/\/schema.org","@graph":[{"@type":"WebPage","@id":"https:\/\/apexpower.ma\/product\/fg-wilson-p22-1-22-kva\/","url":"https:\/\/apexpower.ma\/product\/fg-wilson-p22-1-22-kva\/","name":"FG Wilson P22-1 (22 KVA) - Apex Power","isPartOf":{"@id":"https:\/\/apexpower.ma\/#website"},"primaryImageOfPage":{"@id":"https:\/\/apexpower.ma\/product\/fg-wilson-p22-1-22-kva\/#primaryimage"},"image":{"@id":"https:\/\/apexpower.ma\/product\/fg-wilson-p22-1-22-kva\/#primaryimage"},"thumbnailUrl":"https:\/\/apexpower.ma\/wp-content\/uploads\/2025\/02\/5c092575-31a9-4e96-8b74-736a8f66d20a.jpg","datePublished":"2025-02-11T15:48:42+00:00","dateModified":"2025-04-16T21:36:38+00:00","breadcrumb":{"@id":"https:\/\/apexpower.ma\/product\/fg-wilson-p22-1-22-kva\/#breadcrumb"},"inLanguage":"en-GB","potentialAction":[{"@type":"ReadAction","target":["https:\/\/apexpower.ma\/product\/fg-wilson-p22-1-22-kva\/"]}]},{"@type":"ImageObject","inLanguage":"en-GB","@id":"https:\/\/apexpower.ma\/product\/fg-wilson-p22-1-22-kva\/#primaryimage","url":"https:\/\/apexpower.ma\/wp-content\/uploads\/2025\/02\/5c092575-31a9-4e96-8b74-736a8f66d20a.jpg","contentUrl":"https:\/\/apexpower.ma\/wp-content\/uploads\/2025\/02\/5c092575-31a9-4e96-8b74-736a8f66d20a.jpg","width":2048,"height":1536},{"@type":"BreadcrumbList","@id":"https:\/\/apexpower.ma\/product\/fg-wilson-p22-1-22-kva\/#breadcrumb","itemListElement":[{"@type":"ListItem","position":1,"name":"Home","item":"https:\/\/apexpower.ma\/"},{"@type":"ListItem","position":2,"name":"BOUTIQUE","item":"https:\/\/apexpower.ma\/boutique\/"},{"@type":"ListItem","position":3,"name":"FG Wilson P22-1 (22 KVA)"}]},{"@type":"WebSite","@id":"https:\/\/apexpower.ma\/#website","url":"https:\/\/apexpower.ma\/","name":"Apex Power","description":"G\u00e9n\u00e9rateurs industriels pour une alimentation \u00e9lectrique fiable","publisher":{"@id":"https:\/\/apexpower.ma\/#organization"},"potentialAction":[{"@type":"SearchAction","target":{"@type":"EntryPoint","urlTemplate":"https:\/\/apexpower.ma\/?s={search_term_string}"},"query-input":{"@type":"PropertyValueSpecification","valueRequired":true,"valueName":"search_term_string"}}],"inLanguage":"en-GB"},{"@type":"Organization","@id":"https:\/\/apexpower.ma\/#organization","name":"Apex Power","url":"https:\/\/apexpower.ma\/","logo":{"@type":"ImageObject","inLanguage":"en-GB","@id":"https:\/\/apexpower.ma\/#\/schema\/logo\/image\/","url":"https:\/\/apexpower.ma\/wp-content\/uploads\/2025\/03\/IMG_5273.png","contentUrl":"https:\/\/apexpower.ma\/wp-content\/uploads\/2025\/03\/IMG_5273.png","width":1308,"height":447,"caption":"Apex Power"},"image":{"@id":"https:\/\/apexpower.ma\/#\/schema\/logo\/image\/"}}]}},"_links":{"self":[{"href":"https:\/\/apexpower.ma\/en\/wp-json\/wp\/v2\/product\/171","targetHints":{"allow":["GET"]}}],"collection":[{"href":"https:\/\/apexpower.ma\/en\/wp-json\/wp\/v2\/product"}],"about":[{"href":"https:\/\/apexpower.ma\/en\/wp-json\/wp\/v2\/types\/product"}],"wp:featuredmedia":[{"embeddable":true,"href":"https:\/\/apexpower.ma\/en\/wp-json\/wp\/v2\/media\/172"}],"wp:attachment":[{"href":"https:\/\/apexpower.ma\/en\/wp-json\/wp\/v2\/media?parent=171"}],"wp:term":[{"taxonomy":"product_brand","embeddable":true,"href":"https:\/\/apexpower.ma\/en\/wp-json\/wp\/v2\/product_brand?post=171"},{"taxonomy":"product_cat","embeddable":true,"href":"https:\/\/apexpower.ma\/en\/wp-json\/wp\/v2\/product_cat?post=171"},{"taxonomy":"product_tag","embeddable":true,"href":"https:\/\/apexpower.ma\/en\/wp-json\/wp\/v2\/product_tag?post=171"}],"curies":[{"name":"wp","href":"https:\/\/api.w.org\/{rel}","templated":true}]}}